{"id":497,"date":"2018-01-11T23:31:08","date_gmt":"2018-01-11T20:31:08","guid":{"rendered":"http:\/\/www.fotiscars.gr\/tr\/?page_id=497"},"modified":"2021-06-22T09:04:23","modified_gmt":"2021-06-22T06:04:23","slug":"about-us","status":"publish","type":"page","link":"https:\/\/www.fotiscars.gr\/tr\/?page_id=497","title":{"rendered":"Hakk\u0131m\u0131zda"},"content":{"rendered":"<div class=\"wpb-content-wrapper\"><p>[vc_row][vc_column width=&#8221;1\/2&#8243;][vc_column_text]<\/p>\n<p style=\"text-align: justify;\">Midilli&#8217;de bulunan ve Lesvos Adas\u0131&#8217;nda faaliyet g\u00f6steren bir araba kiralama \u015firketiyiz.<\/p>\n<p style=\"text-align: justify;\">Arac\u0131n\u0131z\u0131n hava liman\u0131nda, limanda ve \u015fehir genelinde teslim al\u0131nmas\u0131 ve al\u0131nmas\u0131 \u00fccretsizdir!<\/p>\n<p style=\"text-align: justify;\">Alternatif olarak, anla\u015fma sonras\u0131nda, arabay\u0131 istedi\u011finiz ba\u015fka bir yere g\u00f6t\u00fcrebilir veya teslim edebiliriz!<\/p>\n<p style=\"text-align: justify;\">Ve t\u00fcm bunlar en uygun fiyata.<\/p>\n<p style=\"text-align: justify;\">Tak\u0131m Fotiscars.gr<\/p>\n<p style=\"text-align: justify;\"><img loading=\"lazy\" decoding=\"async\" class=\"aligncenter size-full wp-image-502\" src=\"http:\/\/www.fotiscars.gr\/tr\/wp-content\/uploads\/2018\/01\/slogan.jpg\" alt=\"\" width=\"500\" height=\"92\" srcset=\"https:\/\/www.fotiscars.gr\/tr\/wp-content\/uploads\/2018\/01\/slogan.jpg 500w, https:\/\/www.fotiscars.gr\/tr\/wp-content\/uploads\/2018\/01\/slogan-300x55.jpg 300w\" sizes=\"auto, (max-width: 500px) 100vw, 500px\" \/><\/p>\n<p>[\/vc_column_text][\/vc_column][vc_column width=&#8221;1\/2&#8243;][vc_column_text]<img loading=\"lazy\" decoding=\"async\" class=\"aligncenter size-full wp-image-500\" src=\"http:\/\/www.fotiscars.gr\/tr\/wp-content\/uploads\/2018\/01\/about.jpg\" alt=\"\" width=\"453\" height=\"355\" srcset=\"https:\/\/www.fotiscars.gr\/tr\/wp-content\/uploads\/2018\/01\/about.jpg 453w, https:\/\/www.fotiscars.gr\/tr\/wp-content\/uploads\/2018\/01\/about-300x235.jpg 300w\" sizes=\"auto, (max-width: 453px) 100vw, 453px\" \/>[\/vc_column_text][\/vc_column][\/vc_row][vc_row][vc_column][vc_column_text]<img loading=\"lazy\" decoding=\"async\" class=\"aligncenter size-full wp-image-658\" src=\"https:\/\/www.fotiscars.gr\/tr\/wp-content\/uploads\/2021\/06\/kalloni-tr2.jpg\" alt=\"\" width=\"1340\" height=\"460\" srcset=\"https:\/\/www.fotiscars.gr\/tr\/wp-content\/uploads\/2021\/06\/kalloni-tr2.jpg 1340w, https:\/\/www.fotiscars.gr\/tr\/wp-content\/uploads\/2021\/06\/kalloni-tr2-300x103.jpg 300w, https:\/\/www.fotiscars.gr\/tr\/wp-content\/uploads\/2021\/06\/kalloni-tr2-1024x352.jpg 1024w, https:\/\/www.fotiscars.gr\/tr\/wp-content\/uploads\/2021\/06\/kalloni-tr2-768x264.jpg 768w\" sizes=\"auto, (max-width: 1340px) 100vw, 1340px\" \/>[\/vc_column_text][\/vc_column][\/vc_row]<\/p>\n<\/div>","protected":false},"excerpt":{"rendered":"<p>[vc_row][vc_column width=&#8221;1\/2&#8243;][vc_column_text] Midilli&#8217;de bulunan ve Lesvos Adas\u0131&#8217;nda faaliyet g\u00f6steren bir araba kiralama \u015firketiyiz. Arac\u0131n\u0131z\u0131n hava liman\u0131nda, limanda ve \u015fehir genelinde teslim al\u0131nmas\u0131 ve al\u0131nmas\u0131 \u00fccretsizdir! Alternatif olarak, anla\u015fma sonras\u0131nda, arabay\u0131 istedi\u011finiz ba\u015fka bir yere g\u00f6t\u00fcrebilir veya teslim edebiliriz! Ve t\u00fcm bunlar en uygun fiyata. Tak\u0131m Fotiscars.gr [\/vc_column_text][\/vc_column][vc_column width=&#8221;1\/2&#8243;][vc_column_text][\/vc_column_text][\/vc_column][\/vc_row][vc_row][vc_column][vc_column_text][\/vc_column_text][\/vc_column][\/vc_row]<\/p>\n","protected":false},"author":1,"featured_media":0,"parent":0,"menu_order":0,"comment_status":"closed","ping_status":"closed","template":"","meta":{"footnotes":""},"class_list":["post-497","page","type-page","status-publish","hentry","description-off"],"yoast_head":"<!-- This site is optimized with the Yoast SEO plugin v27.3 - https:\/\/yoast.com\/product\/yoast-seo-wordpress\/ -->\n<title>Hakk\u0131m\u0131zda | Fotis Cars | Lesvos Car rental and Lesvos Car Hire services at Mytilene Lesvos Island Greece | \u0395\u03bd\u03bf\u03b9\u03ba\u03b9\u03b1\u03b6\u03cc\u03bc\u03b5\u03bd\u03b1 \u0391\u03c5\u03c4\u03bf\u03ba\u03af\u03bd\u03b7\u03c4\u03b1 \u03a6\u03a9\u03a4\u0397\u03a3 \u03b5\u03bd\u03bf\u03b9\u03ba\u03b9\u03ac\u03c3\u03b5\u03b9\u03c2 \u03b1\u03c5\u03c4\u03bf\u03ba\u03b9\u03bd\u03ae\u03c4\u03c9\u03bd \u03c3\u03c4\u03b7 \u039c\u03c5\u03c4\u03b9\u03bb\u03ae\u03bd\u03b7 | Midilli Lesvos Adas\u0131 Yunanistan Ara\u00e7 kiralama ve Araba Kiralama hizmetleri<\/title>\n<meta name=\"description\" content=\"lesvos araba kiralama | Midilli araba kiralama | Midilli ara\u00e7 kiralama | Lesvos ara\u00e7 kiralama | Lesvos scooter kiralama | Midilli minib\u00fcs | ekonomik ara\u00e7 kiralama Lesvos | lesvos araba rezervasyonu | Midilli ekonomik arabalar | lesvos ekonomik otomobiller | lesvos rent a car | lesvos car rental | lesvos car hire | Mytilene car rental | Mytilene rent a car | mytilene car hire | Lesvos scooter rental | Mytilene mini bus | economic car rental Lesvos | lesvos car reservation | Mytilene economic cars | lesvos economic cars | Mytilene Cheap Cars | Lesvos Cheap Cars\" \/>\n<meta name=\"robots\" content=\"index, follow, max-snippet:-1, max-image-preview:large, max-video-preview:-1\" \/>\n<link rel=\"canonical\" href=\"https:\/\/www.fotiscars.gr\/tr\/?page_id=497\" \/>\n<meta property=\"og:locale\" content=\"el_GR\" \/>\n<meta property=\"og:type\" content=\"article\" \/>\n<meta property=\"og:title\" content=\"Hakk\u0131m\u0131zda | Fotis Cars | Lesvos Car rental and Lesvos Car Hire services at Mytilene Lesvos Island Greece | \u0395\u03bd\u03bf\u03b9\u03ba\u03b9\u03b1\u03b6\u03cc\u03bc\u03b5\u03bd\u03b1 \u0391\u03c5\u03c4\u03bf\u03ba\u03af\u03bd\u03b7\u03c4\u03b1 \u03a6\u03a9\u03a4\u0397\u03a3 \u03b5\u03bd\u03bf\u03b9\u03ba\u03b9\u03ac\u03c3\u03b5\u03b9\u03c2 \u03b1\u03c5\u03c4\u03bf\u03ba\u03b9\u03bd\u03ae\u03c4\u03c9\u03bd \u03c3\u03c4\u03b7 \u039c\u03c5\u03c4\u03b9\u03bb\u03ae\u03bd\u03b7 | Midilli Lesvos Adas\u0131 Yunanistan Ara\u00e7 kiralama ve Araba Kiralama hizmetleri\" \/>\n<meta property=\"og:description\" content=\"lesvos araba kiralama | Midilli araba kiralama | Midilli ara\u00e7 kiralama | Lesvos ara\u00e7 kiralama | Lesvos scooter kiralama | Midilli minib\u00fcs | ekonomik ara\u00e7 kiralama Lesvos | lesvos araba rezervasyonu | Midilli ekonomik arabalar | lesvos ekonomik otomobiller | lesvos rent a car | lesvos car rental | lesvos car hire | Mytilene car rental | Mytilene rent a car | mytilene car hire | Lesvos scooter rental | Mytilene mini bus | economic car rental Lesvos | lesvos car reservation | Mytilene economic cars | lesvos economic cars | Mytilene Cheap Cars | Lesvos Cheap Cars\" \/>\n<meta property=\"og:url\" content=\"https:\/\/www.fotiscars.gr\/tr\/?page_id=497\" \/>\n<meta property=\"og:site_name\" content=\"Fotis Cars | Lesvos Car rental and Lesvos Car Hire services at Mytilene Lesvos Island Greece | \u0395\u03bd\u03bf\u03b9\u03ba\u03b9\u03b1\u03b6\u03cc\u03bc\u03b5\u03bd\u03b1 \u0391\u03c5\u03c4\u03bf\u03ba\u03af\u03bd\u03b7\u03c4\u03b1 \u03a6\u03a9\u03a4\u0397\u03a3 \u03b5\u03bd\u03bf\u03b9\u03ba\u03b9\u03ac\u03c3\u03b5\u03b9\u03c2 \u03b1\u03c5\u03c4\u03bf\u03ba\u03b9\u03bd\u03ae\u03c4\u03c9\u03bd \u03c3\u03c4\u03b7 \u039c\u03c5\u03c4\u03b9\u03bb\u03ae\u03bd\u03b7 | Midilli Lesvos Adas\u0131 Yunanistan Ara\u00e7 kiralama ve Araba Kiralama hizmetleri\" \/>\n<meta property=\"article:modified_time\" content=\"2021-06-22T06:04:23+00:00\" \/>\n<meta property=\"og:image\" content=\"http:\/\/www.fotiscars.gr\/tr\/wp-content\/uploads\/2018\/01\/slogan.jpg\" \/>\n<meta name=\"twitter:card\" content=\"summary_large_image\" \/>\n<meta name=\"twitter:label1\" content=\"\u0395\u03ba\u03c4\u03b9\u03bc\u03ce\u03bc\u03b5\u03bd\u03bf\u03c2 \u03c7\u03c1\u03cc\u03bd\u03bf\u03c2 \u03b1\u03bd\u03ac\u03b3\u03bd\u03c9\u03c3\u03b7\u03c2\" \/>\n\t<meta name=\"twitter:data1\" content=\"1 \u03bb\u03b5\u03c0\u03c4\u03cc\" \/>\n<script type=\"application\/ld+json\" class=\"yoast-schema-graph\">{\"@context\":\"https:\\\/\\\/schema.org\",\"@graph\":[{\"@type\":\"WebPage\",\"@id\":\"https:\\\/\\\/www.fotiscars.gr\\\/tr\\\/?page_id=497\",\"url\":\"https:\\\/\\\/www.fotiscars.gr\\\/tr\\\/?page_id=497\",\"name\":\"Hakk\u0131m\u0131zda | Fotis Cars | Lesvos Car rental and Lesvos Car Hire services at Mytilene Lesvos Island Greece | \u0395\u03bd\u03bf\u03b9\u03ba\u03b9\u03b1\u03b6\u03cc\u03bc\u03b5\u03bd\u03b1 \u0391\u03c5\u03c4\u03bf\u03ba\u03af\u03bd\u03b7\u03c4\u03b1 \u03a6\u03a9\u03a4\u0397\u03a3 \u03b5\u03bd\u03bf\u03b9\u03ba\u03b9\u03ac\u03c3\u03b5\u03b9\u03c2 \u03b1\u03c5\u03c4\u03bf\u03ba\u03b9\u03bd\u03ae\u03c4\u03c9\u03bd \u03c3\u03c4\u03b7 \u039c\u03c5\u03c4\u03b9\u03bb\u03ae\u03bd\u03b7 | Midilli Lesvos Adas\u0131 Yunanistan Ara\u00e7 kiralama ve Araba Kiralama hizmetleri\",\"isPartOf\":{\"@id\":\"https:\\\/\\\/www.fotiscars.gr\\\/tr\\\/#website\"},\"primaryImageOfPage\":{\"@id\":\"https:\\\/\\\/www.fotiscars.gr\\\/tr\\\/?page_id=497#primaryimage\"},\"image\":{\"@id\":\"https:\\\/\\\/www.fotiscars.gr\\\/tr\\\/?page_id=497#primaryimage\"},\"thumbnailUrl\":\"http:\\\/\\\/www.fotiscars.gr\\\/tr\\\/wp-content\\\/uploads\\\/2018\\\/01\\\/slogan.jpg\",\"datePublished\":\"2018-01-11T20:31:08+00:00\",\"dateModified\":\"2021-06-22T06:04:23+00:00\",\"description\":\"lesvos araba kiralama | Midilli araba kiralama | Midilli ara\u00e7 kiralama | Lesvos ara\u00e7 kiralama | Lesvos scooter kiralama | Midilli minib\u00fcs | ekonomik ara\u00e7 kiralama Lesvos | lesvos araba rezervasyonu | Midilli ekonomik arabalar | lesvos ekonomik otomobiller | lesvos rent a car | lesvos car rental | lesvos car hire | Mytilene car rental | Mytilene rent a car | mytilene car hire | Lesvos scooter rental | Mytilene mini bus | economic car rental Lesvos | lesvos car reservation | Mytilene economic cars | lesvos economic cars | Mytilene Cheap Cars | Lesvos Cheap Cars\",\"breadcrumb\":{\"@id\":\"https:\\\/\\\/www.fotiscars.gr\\\/tr\\\/?page_id=497#breadcrumb\"},\"inLanguage\":\"el\",\"potentialAction\":[{\"@type\":\"ReadAction\",\"target\":[\"https:\\\/\\\/www.fotiscars.gr\\\/tr\\\/?page_id=497\"]}]},{\"@type\":\"ImageObject\",\"inLanguage\":\"el\",\"@id\":\"https:\\\/\\\/www.fotiscars.gr\\\/tr\\\/?page_id=497#primaryimage\",\"url\":\"http:\\\/\\\/www.fotiscars.gr\\\/tr\\\/wp-content\\\/uploads\\\/2018\\\/01\\\/slogan.jpg\",\"contentUrl\":\"http:\\\/\\\/www.fotiscars.gr\\\/tr\\\/wp-content\\\/uploads\\\/2018\\\/01\\\/slogan.jpg\"},{\"@type\":\"BreadcrumbList\",\"@id\":\"https:\\\/\\\/www.fotiscars.gr\\\/tr\\\/?page_id=497#breadcrumb\",\"itemListElement\":[{\"@type\":\"ListItem\",\"position\":1,\"name\":\"Home\",\"item\":\"https:\\\/\\\/www.fotiscars.gr\\\/tr\\\/\"},{\"@type\":\"ListItem\",\"position\":2,\"name\":\"Hakk\u0131m\u0131zda\"}]},{\"@type\":\"WebSite\",\"@id\":\"https:\\\/\\\/www.fotiscars.gr\\\/tr\\\/#website\",\"url\":\"https:\\\/\\\/www.fotiscars.gr\\\/tr\\\/\",\"name\":\"Fotis Cars | Lesvos Car rental and Lesvos Car Hire services at Mytilene Lesvos Island Greece | \u0395\u03bd\u03bf\u03b9\u03ba\u03b9\u03b1\u03b6\u03cc\u03bc\u03b5\u03bd\u03b1 \u0391\u03c5\u03c4\u03bf\u03ba\u03af\u03bd\u03b7\u03c4\u03b1 \u03a6\u03a9\u03a4\u0397\u03a3 \u03b5\u03bd\u03bf\u03b9\u03ba\u03b9\u03ac\u03c3\u03b5\u03b9\u03c2 \u03b1\u03c5\u03c4\u03bf\u03ba\u03b9\u03bd\u03ae\u03c4\u03c9\u03bd \u03c3\u03c4\u03b7 \u039c\u03c5\u03c4\u03b9\u03bb\u03ae\u03bd\u03b7 | Midilli Lesvos Adas\u0131 Yunanistan Ara\u00e7 kiralama ve Araba Kiralama hizmetleri\",\"description\":\"lesvos araba kiralama | Midilli araba kiralama | Midilli ara\u00e7 kiralama | Lesvos ara\u00e7 kiralama | Lesvos scooter kiralama | Midilli minib\u00fcs | ekonomik ara\u00e7 kiralama Lesvos | lesvos araba rezervasyonu | Midilli ekonomik arabalar | lesvos ekonomik otomobiller | lesvos rent a car | lesvos car rental | lesvos car hire | Mytilene car rental | Mytilene rent a car | mytilene car hire | Lesvos scooter rental | Mytilene mini bus | economic car rental Lesvos | lesvos car reservation | Mytilene economic cars | lesvos economic cars | Mytilene Cheap Cars | Lesvos Cheap Cars\",\"potentialAction\":[{\"@type\":\"SearchAction\",\"target\":{\"@type\":\"EntryPoint\",\"urlTemplate\":\"https:\\\/\\\/www.fotiscars.gr\\\/tr\\\/?s={search_term_string}\"},\"query-input\":{\"@type\":\"PropertyValueSpecification\",\"valueRequired\":true,\"valueName\":\"search_term_string\"}}],\"inLanguage\":\"el\"}]}<\/script>\n<!-- \/ Yoast SEO plugin. -->","yoast_head_json":{"title":"Hakk\u0131m\u0131zda | Fotis Cars | Lesvos Car rental and Lesvos Car Hire services at Mytilene Lesvos Island Greece | \u0395\u03bd\u03bf\u03b9\u03ba\u03b9\u03b1\u03b6\u03cc\u03bc\u03b5\u03bd\u03b1 \u0391\u03c5\u03c4\u03bf\u03ba\u03af\u03bd\u03b7\u03c4\u03b1 \u03a6\u03a9\u03a4\u0397\u03a3 \u03b5\u03bd\u03bf\u03b9\u03ba\u03b9\u03ac\u03c3\u03b5\u03b9\u03c2 \u03b1\u03c5\u03c4\u03bf\u03ba\u03b9\u03bd\u03ae\u03c4\u03c9\u03bd \u03c3\u03c4\u03b7 \u039c\u03c5\u03c4\u03b9\u03bb\u03ae\u03bd\u03b7 | Midilli Lesvos Adas\u0131 Yunanistan Ara\u00e7 kiralama ve Araba Kiralama hizmetleri","description":"lesvos araba kiralama | Midilli araba kiralama | Midilli ara\u00e7 kiralama | Lesvos ara\u00e7 kiralama | Lesvos scooter kiralama | Midilli minib\u00fcs | ekonomik ara\u00e7 kiralama Lesvos | lesvos araba rezervasyonu | Midilli ekonomik arabalar | lesvos ekonomik otomobiller | lesvos rent a car | lesvos car rental | lesvos car hire | Mytilene car rental | Mytilene rent a car | mytilene car hire | Lesvos scooter rental | Mytilene mini bus | economic car rental Lesvos | lesvos car reservation | Mytilene economic cars | lesvos economic cars | Mytilene Cheap Cars | Lesvos Cheap Cars","robots":{"index":"index","follow":"follow","max-snippet":"max-snippet:-1","max-image-preview":"max-image-preview:large","max-video-preview":"max-video-preview:-1"},"canonical":"https:\/\/www.fotiscars.gr\/tr\/?page_id=497","og_locale":"el_GR","og_type":"article","og_title":"Hakk\u0131m\u0131zda | Fotis Cars | Lesvos Car rental and Lesvos Car Hire services at Mytilene Lesvos Island Greece | \u0395\u03bd\u03bf\u03b9\u03ba\u03b9\u03b1\u03b6\u03cc\u03bc\u03b5\u03bd\u03b1 \u0391\u03c5\u03c4\u03bf\u03ba\u03af\u03bd\u03b7\u03c4\u03b1 \u03a6\u03a9\u03a4\u0397\u03a3 \u03b5\u03bd\u03bf\u03b9\u03ba\u03b9\u03ac\u03c3\u03b5\u03b9\u03c2 \u03b1\u03c5\u03c4\u03bf\u03ba\u03b9\u03bd\u03ae\u03c4\u03c9\u03bd \u03c3\u03c4\u03b7 \u039c\u03c5\u03c4\u03b9\u03bb\u03ae\u03bd\u03b7 | Midilli Lesvos Adas\u0131 Yunanistan Ara\u00e7 kiralama ve Araba Kiralama hizmetleri","og_description":"lesvos araba kiralama | Midilli araba kiralama | Midilli ara\u00e7 kiralama | Lesvos ara\u00e7 kiralama | Lesvos scooter kiralama | Midilli minib\u00fcs | ekonomik ara\u00e7 kiralama Lesvos | lesvos araba rezervasyonu | Midilli ekonomik arabalar | lesvos ekonomik otomobiller | lesvos rent a car | lesvos car rental | lesvos car hire | Mytilene car rental | Mytilene rent a car | mytilene car hire | Lesvos scooter rental | Mytilene mini bus | economic car rental Lesvos | lesvos car reservation | Mytilene economic cars | lesvos economic cars | Mytilene Cheap Cars | Lesvos Cheap Cars","og_url":"https:\/\/www.fotiscars.gr\/tr\/?page_id=497","og_site_name":"Fotis Cars | Lesvos Car rental and Lesvos Car Hire services at Mytilene Lesvos Island Greece | \u0395\u03bd\u03bf\u03b9\u03ba\u03b9\u03b1\u03b6\u03cc\u03bc\u03b5\u03bd\u03b1 \u0391\u03c5\u03c4\u03bf\u03ba\u03af\u03bd\u03b7\u03c4\u03b1 \u03a6\u03a9\u03a4\u0397\u03a3 \u03b5\u03bd\u03bf\u03b9\u03ba\u03b9\u03ac\u03c3\u03b5\u03b9\u03c2 \u03b1\u03c5\u03c4\u03bf\u03ba\u03b9\u03bd\u03ae\u03c4\u03c9\u03bd \u03c3\u03c4\u03b7 \u039c\u03c5\u03c4\u03b9\u03bb\u03ae\u03bd\u03b7 | Midilli Lesvos Adas\u0131 Yunanistan Ara\u00e7 kiralama ve Araba Kiralama hizmetleri","article_modified_time":"2021-06-22T06:04:23+00:00","og_image":[{"url":"http:\/\/www.fotiscars.gr\/tr\/wp-content\/uploads\/2018\/01\/slogan.jpg","type":"","width":"","height":""}],"twitter_card":"summary_large_image","twitter_misc":{"\u0395\u03ba\u03c4\u03b9\u03bc\u03ce\u03bc\u03b5\u03bd\u03bf\u03c2 \u03c7\u03c1\u03cc\u03bd\u03bf\u03c2 \u03b1\u03bd\u03ac\u03b3\u03bd\u03c9\u03c3\u03b7\u03c2":"1 \u03bb\u03b5\u03c0\u03c4\u03cc"},"schema":{"@context":"https:\/\/schema.org","@graph":[{"@type":"WebPage","@id":"https:\/\/www.fotiscars.gr\/tr\/?page_id=497","url":"https:\/\/www.fotiscars.gr\/tr\/?page_id=497","name":"Hakk\u0131m\u0131zda | Fotis Cars | Lesvos Car rental and Lesvos Car Hire services at Mytilene Lesvos Island Greece | \u0395\u03bd\u03bf\u03b9\u03ba\u03b9\u03b1\u03b6\u03cc\u03bc\u03b5\u03bd\u03b1 \u0391\u03c5\u03c4\u03bf\u03ba\u03af\u03bd\u03b7\u03c4\u03b1 \u03a6\u03a9\u03a4\u0397\u03a3 \u03b5\u03bd\u03bf\u03b9\u03ba\u03b9\u03ac\u03c3\u03b5\u03b9\u03c2 \u03b1\u03c5\u03c4\u03bf\u03ba\u03b9\u03bd\u03ae\u03c4\u03c9\u03bd \u03c3\u03c4\u03b7 \u039c\u03c5\u03c4\u03b9\u03bb\u03ae\u03bd\u03b7 | Midilli Lesvos Adas\u0131 Yunanistan Ara\u00e7 kiralama ve Araba Kiralama hizmetleri","isPartOf":{"@id":"https:\/\/www.fotiscars.gr\/tr\/#website"},"primaryImageOfPage":{"@id":"https:\/\/www.fotiscars.gr\/tr\/?page_id=497#primaryimage"},"image":{"@id":"https:\/\/www.fotiscars.gr\/tr\/?page_id=497#primaryimage"},"thumbnailUrl":"http:\/\/www.fotiscars.gr\/tr\/wp-content\/uploads\/2018\/01\/slogan.jpg","datePublished":"2018-01-11T20:31:08+00:00","dateModified":"2021-06-22T06:04:23+00:00","description":"lesvos araba kiralama | Midilli araba kiralama | Midilli ara\u00e7 kiralama | Lesvos ara\u00e7 kiralama | Lesvos scooter kiralama | Midilli minib\u00fcs | ekonomik ara\u00e7 kiralama Lesvos | lesvos araba rezervasyonu | Midilli ekonomik arabalar | lesvos ekonomik otomobiller | lesvos rent a car | lesvos car rental | lesvos car hire | Mytilene car rental | Mytilene rent a car | mytilene car hire | Lesvos scooter rental | Mytilene mini bus | economic car rental Lesvos | lesvos car reservation | Mytilene economic cars | lesvos economic cars | Mytilene Cheap Cars | Lesvos Cheap Cars","breadcrumb":{"@id":"https:\/\/www.fotiscars.gr\/tr\/?page_id=497#breadcrumb"},"inLanguage":"el","potentialAction":[{"@type":"ReadAction","target":["https:\/\/www.fotiscars.gr\/tr\/?page_id=497"]}]},{"@type":"ImageObject","inLanguage":"el","@id":"https:\/\/www.fotiscars.gr\/tr\/?page_id=497#primaryimage","url":"http:\/\/www.fotiscars.gr\/tr\/wp-content\/uploads\/2018\/01\/slogan.jpg","contentUrl":"http:\/\/www.fotiscars.gr\/tr\/wp-content\/uploads\/2018\/01\/slogan.jpg"},{"@type":"BreadcrumbList","@id":"https:\/\/www.fotiscars.gr\/tr\/?page_id=497#breadcrumb","itemListElement":[{"@type":"ListItem","position":1,"name":"Home","item":"https:\/\/www.fotiscars.gr\/tr\/"},{"@type":"ListItem","position":2,"name":"Hakk\u0131m\u0131zda"}]},{"@type":"WebSite","@id":"https:\/\/www.fotiscars.gr\/tr\/#website","url":"https:\/\/www.fotiscars.gr\/tr\/","name":"Fotis Cars | Lesvos Car rental and Lesvos Car Hire services at Mytilene Lesvos Island Greece | \u0395\u03bd\u03bf\u03b9\u03ba\u03b9\u03b1\u03b6\u03cc\u03bc\u03b5\u03bd\u03b1 \u0391\u03c5\u03c4\u03bf\u03ba\u03af\u03bd\u03b7\u03c4\u03b1 \u03a6\u03a9\u03a4\u0397\u03a3 \u03b5\u03bd\u03bf\u03b9\u03ba\u03b9\u03ac\u03c3\u03b5\u03b9\u03c2 \u03b1\u03c5\u03c4\u03bf\u03ba\u03b9\u03bd\u03ae\u03c4\u03c9\u03bd \u03c3\u03c4\u03b7 \u039c\u03c5\u03c4\u03b9\u03bb\u03ae\u03bd\u03b7 | Midilli Lesvos Adas\u0131 Yunanistan Ara\u00e7 kiralama ve Araba Kiralama hizmetleri","description":"lesvos araba kiralama | Midilli araba kiralama | Midilli ara\u00e7 kiralama | Lesvos ara\u00e7 kiralama | Lesvos scooter kiralama | Midilli minib\u00fcs | ekonomik ara\u00e7 kiralama Lesvos | lesvos araba rezervasyonu | Midilli ekonomik arabalar | lesvos ekonomik otomobiller | lesvos rent a car | lesvos car rental | lesvos car hire | Mytilene car rental | Mytilene rent a car | mytilene car hire | Lesvos scooter rental | Mytilene mini bus | economic car rental Lesvos | lesvos car reservation | Mytilene economic cars | lesvos economic cars | Mytilene Cheap Cars | Lesvos Cheap Cars","potentialAction":[{"@type":"SearchAction","target":{"@type":"EntryPoint","urlTemplate":"https:\/\/www.fotiscars.gr\/tr\/?s={search_term_string}"},"query-input":{"@type":"PropertyValueSpecification","valueRequired":true,"valueName":"search_term_string"}}],"inLanguage":"el"}]}},"_links":{"self":[{"href":"https:\/\/www.fotiscars.gr\/tr\/index.php?rest_route=\/wp\/v2\/pages\/497","targetHints":{"allow":["GET"]}}],"collection":[{"href":"https:\/\/www.fotiscars.gr\/tr\/index.php?rest_route=\/wp\/v2\/pages"}],"about":[{"href":"https:\/\/www.fotiscars.gr\/tr\/index.php?rest_route=\/wp\/v2\/types\/page"}],"author":[{"embeddable":true,"href":"https:\/\/www.fotiscars.gr\/tr\/index.php?rest_route=\/wp\/v2\/users\/1"}],"replies":[{"embeddable":true,"href":"https:\/\/www.fotiscars.gr\/tr\/index.php?rest_route=%2Fwp%2Fv2%2Fcomments&post=497"}],"version-history":[{"count":7,"href":"https:\/\/www.fotiscars.gr\/tr\/index.php?rest_route=\/wp\/v2\/pages\/497\/revisions"}],"predecessor-version":[{"id":659,"href":"https:\/\/www.fotiscars.gr\/tr\/index.php?rest_route=\/wp\/v2\/pages\/497\/revisions\/659"}],"wp:attachment":[{"href":"https:\/\/www.fotiscars.gr\/tr\/index.php?rest_route=%2Fwp%2Fv2%2Fmedia&parent=497"}],"curies":[{"name":"wp","href":"https:\/\/api.w.org\/{rel}","templated":true}]}}